{"id":150,"date":"2026-04-15T09:10:28","date_gmt":"2026-04-15T07:10:28","guid":{"rendered":"https:\/\/tds.orientpark.pl\/?page_id=150"},"modified":"2026-04-16T19:42:19","modified_gmt":"2026-04-16T17:42:19","slug":"live","status":"publish","type":"page","link":"https:\/\/tds.orientpark.pl\/en\/live\/","title":{"rendered":"LIVE"},"content":{"rendered":"<h2 class=\"wp-block-heading\">Discover Lower Silesia<\/h2>\n\n\n\n<figure class=\"wp-block-table alignfull\"><table class=\"has-fixed-layout\"><thead><tr><th>Etap<\/th><th>Listy Startowe<\/th><th class=\"has-text-align-center\" data-align=\"center\">Wyniki ON-LINE<\/th><th>Mi\u0119dzyczasy<\/th><th>Wyniki<\/th><th>Livelox<\/th><\/tr><\/thead><tbody><tr><td>E1<\/td><td><a href=\"https:\/\/tds.orientpark.pl\/wp-content\/uploads\/2026\/04\/TDS_2026_E1.pdf\">TUTAJ<\/a><\/td><td class=\"has-text-align-center\" data-align=\"center\"><a href=\"https:\/\/liveresultat.orientering.se\/followfull.php?comp=36021&amp;lang=pl\">TUTAJ<\/a><\/td><td>TUTAJ<\/td><td>TUTAJ<\/td><td><a href=\"https:\/\/www.livelox.com\/Events\/Show\/185759\/Tajemnice-Dolnego-Slaska-2026-E1\">TUTAJ<\/a><\/td><\/tr><tr><td>E2<\/td><td><a href=\"https:\/\/tds.orientpark.pl\/wp-content\/uploads\/2026\/04\/TDS_2026_E2.pdf\" data-type=\"link\" data-id=\"https:\/\/tds.orientpark.pl\/wp-content\/uploads\/2026\/04\/TDS_2026_E2.pdf\">TUTAJ<\/a><\/td><td class=\"has-text-align-center\" data-align=\"center\"><a href=\"https:\/\/liveresultat.orientering.se\/followfull.php?comp=36022&amp;lang=pl\">TUTAJ<\/a><\/td><td>TUTAJ<\/td><td>TUTAJ<\/td><td><a href=\"https:\/\/www.livelox.com\/Events\/Show\/185757\/Tajemnice-Dolnego-Slaska-2026-E2\">TUTAJ<\/a><\/td><\/tr><\/tbody><\/table><\/figure>\n\n\n\n<h2 class=\"wp-block-heading\">CX80 Knockout Challenge<\/h2>\n\n\n\n<figure class=\"wp-block-table alignfull\"><table class=\"has-fixed-layout\"><thead><tr><th>Etap<\/th><th>Listy Startowe<\/th><th class=\"has-text-align-center\" data-align=\"center\">Wyniki ON-LINE<\/th><th>Mi\u0119dzyczasy<\/th><th>Wyniki<\/th><th>Livelox<\/th><\/tr><\/thead><tbody><tr><td>SEMI FINAL<\/td><td><a href=\"https:\/\/tds.orientpark.pl\/wp-content\/uploads\/2026\/04\/lista_startowa_cx-knock-out-sf.pdf\">TUTAJ<\/a><\/td><td class=\"has-text-align-center\" data-align=\"center\"><a href=\"https:\/\/liveresultat.orientering.se\/followfull.php?lang=pl&amp;comp=36149\">TUTAJ<\/a><\/td><td>TUTAJ<\/td><td>TUTAJ<\/td><td><a href=\"https:\/\/www.livelox.com\/Events\/Show\/185760\/CX80-KNOCK-OUT-SPRINT-SF\">TUTAJ<\/a><\/td><\/tr><tr><td>FINAL<\/td><td>TUTAJ<\/td><td class=\"has-text-align-center\" data-align=\"center\"><a href=\"https:\/\/liveresultat.orientering.se\/followfull.php?comp=36020&amp;lang=pl\">TUTAJ<\/a><\/td><td>TUTAJ<\/td><td>TUTAJ<\/td><td><a href=\"https:\/\/www.livelox.com\/Events\/Show\/185761\/CX80-KNOCK-OUT-SPRINT-F\">TUTAJ<\/a><\/td><\/tr><\/tbody><\/table><\/figure>\n\n\n\n<p><\/p>","protected":false},"excerpt":{"rendered":"<p>Tajemnice Dolnego \u015al\u0105ska Etap Listy Startowe Wyniki ON-LINE Mi\u0119dzyczasy Wyniki Livelox E1 TUTAJ TUTAJ TUTAJ TUTAJ TUTAJ E2 TUTAJ TUTAJ TUTAJ TUTAJ TUTAJ CX80 Knockout Challenge Etap Listy Startowe Wyniki ON-LINE Mi\u0119dzyczasy Wyniki Livelox SEMI FINAL TUTAJ TUTAJ TUTAJ TUTAJ TUTAJ FINAL TUTAJ TUTAJ TUTAJ TUTAJ TUTAJ<\/p>","protected":false},"author":1,"featured_media":0,"parent":0,"menu_order":0,"comment_status":"closed","ping_status":"closed","template":"","meta":{"footnotes":""},"class_list":["post-150","page","type-page","status-publish","hentry"],"_links":{"self":[{"href":"https:\/\/tds.orientpark.pl\/en\/wp-json\/wp\/v2\/pages\/150","targetHints":{"allow":["GET"]}}],"collection":[{"href":"https:\/\/tds.orientpark.pl\/en\/wp-json\/wp\/v2\/pages"}],"about":[{"href":"https:\/\/tds.orientpark.pl\/en\/wp-json\/wp\/v2\/types\/page"}],"author":[{"embeddable":true,"href":"https:\/\/tds.orientpark.pl\/en\/wp-json\/wp\/v2\/users\/1"}],"replies":[{"embeddable":true,"href":"https:\/\/tds.orientpark.pl\/en\/wp-json\/wp\/v2\/comments?post=150"}],"version-history":[{"count":7,"href":"https:\/\/tds.orientpark.pl\/en\/wp-json\/wp\/v2\/pages\/150\/revisions"}],"predecessor-version":[{"id":165,"href":"https:\/\/tds.orientpark.pl\/en\/wp-json\/wp\/v2\/pages\/150\/revisions\/165"}],"wp:attachment":[{"href":"https:\/\/tds.orientpark.pl\/en\/wp-json\/wp\/v2\/media?parent=150"}],"curies":[{"name":"wp","href":"https:\/\/api.w.org\/{rel}","templated":true}]}}